{"id":212,"date":"2017-01-06T08:41:36","date_gmt":"2017-01-06T07:41:36","guid":{"rendered":"http:\/\/www.prime-moving.com\/home\/"},"modified":"2017-07-04T13:26:53","modified_gmt":"2017-07-04T11:26:53","slug":"home","status":"publish","type":"page","link":"https:\/\/www.prime-moving.com\/en\/","title":{"rendered":"Home"},"content":{"rendered":"<p>Dies ist eine Beispiel-Seite. Sie unterscheidet sich von Beitr\u00e4gen, da sie stets an der selben Stelle bleibt und (bei den meisten Themes) in der Navigation angezeigt wird. Die meisten Leute starten mit einem Impressum oder einer \u201e\u00dcber uns\u201c-Seite mit einer Vorstellung f\u00fcr m\u00f6gliche Besucher der Website. Dort k\u00f6nnte zum Beispiel stehen:<\/p>\n<blockquote><p>Hallo! Tags\u00fcber arbeite ich als Fahrradkurier, nachts bin ich ein aufstrebender Schauspieler und dies hier ist meine Website. Ich lebe in Berlin, habe einen gro\u00dfen Hund namens Jack, mag die Fantastischen Vier und ein k\u00fchles Bier.<\/p><\/blockquote>\n<p>&#8230;oder sowas wie:<\/p>\n<blockquote><p>Unsere Firma XYZ wurde 1971 gegr\u00fcndet und hat seither eine Menge hochqualitativen ABC f\u00fcr die \u00d6ffentlichkeit produziert. Ans\u00e4ssig in Gotham City, hat XYZ mittlerweile \u00fcber 2,000 Mitarbeiter und entwickelt immer wieder gro\u00dfartige Dinge f\u00fcr die ganze Gotham Gemeinschaft.<\/p><\/blockquote>\n<p>Als neuer WordPress-Nutzer solltest du das <a href=\"https:\/\/www.prime-moving.com\/wp-admin\/\">Dashboard<\/a> aufrufen, um diese Seite zu l\u00f6schen und statt dessen eine neue Seite mit deinen eigenen Inhalten erstellen. Viel Spa\u00df!<\/p>\n","protected":false},"excerpt":{"rendered":"<p>Dies ist eine Beispiel-Seite. Sie unterscheidet sich von Beitr\u00e4gen, da sie stets an der selben Stelle bleibt und (bei den meisten Themes) in der Navigation angezeigt wird. Die meisten Leute starten mit einem Impressum oder einer \u201e\u00dcber uns\u201c-Seite mit einer Vorstellung f\u00fcr m\u00f6gliche Besucher der Website. Dort k\u00f6nnte zum Beispiel stehen: Hallo! Tags\u00fcber arbeite ich [&hellip;]<\/p>\n","protected":false},"author":2,"featured_media":0,"parent":0,"menu_order":0,"comment_status":"closed","ping_status":"open","template":"","meta":[],"acf":[],"yoast_head":"<!-- This site is optimized with the Yoast SEO plugin v20.1 - https:\/\/yoast.com\/wordpress\/plugins\/seo\/ -->\n<title>Relocation consulting, forwarding and transport insurances<\/title>\n<meta name=\"description\" content=\"Relocations are as individually as a fingerprint. We take care of your individual needs and organize the complete relocation for you.\" \/>\n<meta name=\"robots\" content=\"index, follow, max-snippet:-1, max-image-preview:large, max-video-preview:-1\" \/>\n<link rel=\"canonical\" href=\"https:\/\/www.prime-moving.com\/en\/\" \/>\n<meta property=\"og:locale\" content=\"en_US\" \/>\n<meta property=\"og:type\" content=\"article\" \/>\n<meta property=\"og:title\" content=\"Relocation consulting, forwarding and transport insurances\" \/>\n<meta property=\"og:description\" content=\"Relocations are as individually as a fingerprint. We take care of your individual needs and organize the complete relocation for you.\" \/>\n<meta property=\"og:url\" content=\"https:\/\/www.prime-moving.com\/en\/\" \/>\n<meta property=\"og:site_name\" content=\"Prime Moving\" \/>\n<meta property=\"article:modified_time\" content=\"2017-07-04T11:26:53+00:00\" \/>\n<meta name=\"twitter:card\" content=\"summary_large_image\" \/>\n<meta name=\"twitter:label1\" content=\"Est. reading time\" \/>\n\t<meta name=\"twitter:data1\" content=\"1 minute\" \/>\n<script type=\"application\/ld+json\" class=\"yoast-schema-graph\">{\"@context\":\"https:\/\/schema.org\",\"@graph\":[{\"@type\":\"WebPage\",\"@id\":\"https:\/\/www.prime-moving.com\/en\/\",\"url\":\"https:\/\/www.prime-moving.com\/en\/\",\"name\":\"Relocation consulting, forwarding and transport insurances\",\"isPartOf\":{\"@id\":\"https:\/\/www.prime-moving.com\/#website\"},\"datePublished\":\"2017-01-06T07:41:36+00:00\",\"dateModified\":\"2017-07-04T11:26:53+00:00\",\"description\":\"Relocations are as individually as a fingerprint. We take care of your individual needs and organize the complete relocation for you.\",\"breadcrumb\":{\"@id\":\"https:\/\/www.prime-moving.com\/en\/#breadcrumb\"},\"inLanguage\":\"en-US\",\"potentialAction\":[{\"@type\":\"ReadAction\",\"target\":[\"https:\/\/www.prime-moving.com\/en\/\"]}]},{\"@type\":\"BreadcrumbList\",\"@id\":\"https:\/\/www.prime-moving.com\/en\/#breadcrumb\",\"itemListElement\":[{\"@type\":\"ListItem\",\"position\":1,\"name\":\"Startseite\",\"item\":\"https:\/\/www.prime-moving.com\/en\/\"},{\"@type\":\"ListItem\",\"position\":2,\"name\":\"Home\"}]},{\"@type\":\"WebSite\",\"@id\":\"https:\/\/www.prime-moving.com\/#website\",\"url\":\"https:\/\/www.prime-moving.com\/\",\"name\":\"Prime Moving\",\"description\":\"relocations managed by experts\",\"potentialAction\":[{\"@type\":\"SearchAction\",\"target\":{\"@type\":\"EntryPoint\",\"urlTemplate\":\"https:\/\/www.prime-moving.com\/?s={search_term_string}\"},\"query-input\":\"required name=search_term_string\"}],\"inLanguage\":\"en-US\"}]}<\/script>\n<!-- \/ Yoast SEO plugin. -->","yoast_head_json":{"title":"Relocation consulting, forwarding and transport insurances","description":"Relocations are as individually as a fingerprint. We take care of your individual needs and organize the complete relocation for you.","robots":{"index":"index","follow":"follow","max-snippet":"max-snippet:-1","max-image-preview":"max-image-preview:large","max-video-preview":"max-video-preview:-1"},"canonical":"https:\/\/www.prime-moving.com\/en\/","og_locale":"en_US","og_type":"article","og_title":"Relocation consulting, forwarding and transport insurances","og_description":"Relocations are as individually as a fingerprint. We take care of your individual needs and organize the complete relocation for you.","og_url":"https:\/\/www.prime-moving.com\/en\/","og_site_name":"Prime Moving","article_modified_time":"2017-07-04T11:26:53+00:00","twitter_card":"summary_large_image","twitter_misc":{"Est. reading time":"1 minute"},"schema":{"@context":"https:\/\/schema.org","@graph":[{"@type":"WebPage","@id":"https:\/\/www.prime-moving.com\/en\/","url":"https:\/\/www.prime-moving.com\/en\/","name":"Relocation consulting, forwarding and transport insurances","isPartOf":{"@id":"https:\/\/www.prime-moving.com\/#website"},"datePublished":"2017-01-06T07:41:36+00:00","dateModified":"2017-07-04T11:26:53+00:00","description":"Relocations are as individually as a fingerprint. We take care of your individual needs and organize the complete relocation for you.","breadcrumb":{"@id":"https:\/\/www.prime-moving.com\/en\/#breadcrumb"},"inLanguage":"en-US","potentialAction":[{"@type":"ReadAction","target":["https:\/\/www.prime-moving.com\/en\/"]}]},{"@type":"BreadcrumbList","@id":"https:\/\/www.prime-moving.com\/en\/#breadcrumb","itemListElement":[{"@type":"ListItem","position":1,"name":"Startseite","item":"https:\/\/www.prime-moving.com\/en\/"},{"@type":"ListItem","position":2,"name":"Home"}]},{"@type":"WebSite","@id":"https:\/\/www.prime-moving.com\/#website","url":"https:\/\/www.prime-moving.com\/","name":"Prime Moving","description":"relocations managed by experts","potentialAction":[{"@type":"SearchAction","target":{"@type":"EntryPoint","urlTemplate":"https:\/\/www.prime-moving.com\/?s={search_term_string}"},"query-input":"required name=search_term_string"}],"inLanguage":"en-US"}]}},"_links":{"self":[{"href":"https:\/\/www.prime-moving.com\/en\/wp-json\/wp\/v2\/pages\/212"}],"collection":[{"href":"https:\/\/www.prime-moving.com\/en\/wp-json\/wp\/v2\/pages"}],"about":[{"href":"https:\/\/www.prime-moving.com\/en\/wp-json\/wp\/v2\/types\/page"}],"author":[{"embeddable":true,"href":"https:\/\/www.prime-moving.com\/en\/wp-json\/wp\/v2\/users\/2"}],"replies":[{"embeddable":true,"href":"https:\/\/www.prime-moving.com\/en\/wp-json\/wp\/v2\/comments?post=212"}],"version-history":[{"count":4,"href":"https:\/\/www.prime-moving.com\/en\/wp-json\/wp\/v2\/pages\/212\/revisions"}],"predecessor-version":[{"id":255,"href":"https:\/\/www.prime-moving.com\/en\/wp-json\/wp\/v2\/pages\/212\/revisions\/255"}],"wp:attachment":[{"href":"https:\/\/www.prime-moving.com\/en\/wp-json\/wp\/v2\/media?parent=212"}],"curies":[{"name":"wp","href":"https:\/\/api.w.org\/{rel}","templated":true}]}}